{"id":20552,"date":"2022-11-08T14:24:05","date_gmt":"2022-11-08T13:24:05","guid":{"rendered":"https:\/\/www.courius.com\/cloetta-coaching\/"},"modified":"2024-04-22T13:36:14","modified_gmt":"2024-04-22T12:36:14","slug":"cloetta-coaching","status":"publish","type":"page","link":"https:\/\/www.courius.com\/en\/portfolio-item\/cloetta-coaching\/","title":{"rendered":"Cloetta coaching advice"},"content":{"rendered":"<div class=\"wpb-content-wrapper\"><p>[vc_row][vc_column][vc_single_image image=&#8221;19805&#8243; img_size=&#8221;full&#8221;][vc_column_text]<em>\u201cHet teamcoaching traject heeft het Innovatieteam van Cloetta-Sneek enorm op weg geholpen zich verder te ontwikkelen tot een high-performing team. Door gericht te werken aan een meer open teamcultuur waarin bijvoorbeeld feedback geven normaal is, en door de juiste balans tussen positiviteit en productiviteit in het samenwerken te realiseren, heeft het team zich zichtbaar versterkt.\u201d<\/em><\/p>\n<p>Voor Cloetta hebben wij een teamontwikkeltraject uitgevoerd, hebben we meerdere medewerkers gecoached en zijn we betrokken bij meerdere korte sessies om teams een impuls te geven hun groei verder vorm te geven. Bijgaand treft u 2 referenties aan. Indien u meer informatie wilt kunt u contact met ons opnemen.<\/p>\n<blockquote><p>Het teamcoaching traject heeft het Innovatie team van Cloetta-Sneek enorm op weg geholpen zich verder te ontwikkelen tot een high-performing team. Door gericht te werken aan een meer open teamcultuur waarin bijvoorbeeld feedback geven normaal is, en door de juiste balans tussen positiviteit en productiviteit in het samenwerken te realiseren, heeft het team zich zichtbaar versterkt.<br \/>\n<strong>\u2013 Andr\u00e9 van der Schaaf, Manager Innovation Category Centre, Cloetta<\/strong><\/p><\/blockquote>\n<blockquote><p>Voor mijn eerste baan kwam ik in een team terecht dat midden in een teamontwikkeling traject zat. De coaching heeft mij geholpen om de rode draad vast te houden in de turbulente tijd en om mijn rol binnen het team helder voor ogen te blijven houden. Een aantal slogans\/lessen heb in nog steeds paraat zoals: \u201cliever achteraf vergiffenis, dan vooraf toestemming\u201d (meer durven doen); \u201cheb je de ander ernaar gevraagd?\u201d (bij onvrede\/onduidelijkheid de confrontatie aangaan met collega\u2019s); en forming \u00e0 storming \u00e0 norming \u00e0 performing (storming hoort erbij en is onderdeel van een proces). De handvaten die mij zijn aangereikt hielpen mij om zelf in snel tempo te groeien en op een juiste manier de interactie op te zoeken met mijn collega\u2019s. Zowel priv\u00e9 als in de werksfeer heeft het mijn perspectief vergroot en kan ik neutraler met situaties omgaan die op mij afkomen.<br \/>\n<strong>\u2013 Marianne Driesse, Product Technoloog,\u00a0Cloetta<\/strong><\/p><\/blockquote>\n<p>[\/vc_column_text][\/vc_column][\/vc_row]<\/p>\n<\/div>","protected":false},"excerpt":{"rendered":"<p>[vc_row][vc_column][vc_single_image image=&#8221;19805&#8243; img_size=&#8221;full&#8221;][vc_column_text]\u201cHet teamcoaching traject heeft het Innovatieteam van Cloetta-Sneek enorm op weg geholpen zich verder te ontwikkelen tot een&#8230;<\/p>\n","protected":false},"author":53,"featured_media":0,"parent":20554,"menu_order":0,"comment_status":"closed","ping_status":"closed","template":"","meta":{"_acf_changed":false,"footnotes":""},"categories":[],"tags":[],"class_list":["post-20552","page","type-page","status-publish","hentry"],"acf":[],"_links":{"self":[{"href":"https:\/\/www.courius.com\/en\/wp-json\/wp\/v2\/pages\/20552","targetHints":{"allow":["GET"]}}],"collection":[{"href":"https:\/\/www.courius.com\/en\/wp-json\/wp\/v2\/pages"}],"about":[{"href":"https:\/\/www.courius.com\/en\/wp-json\/wp\/v2\/types\/page"}],"author":[{"embeddable":true,"href":"https:\/\/www.courius.com\/en\/wp-json\/wp\/v2\/users\/53"}],"replies":[{"embeddable":true,"href":"https:\/\/www.courius.com\/en\/wp-json\/wp\/v2\/comments?post=20552"}],"version-history":[{"count":2,"href":"https:\/\/www.courius.com\/en\/wp-json\/wp\/v2\/pages\/20552\/revisions"}],"predecessor-version":[{"id":22328,"href":"https:\/\/www.courius.com\/en\/wp-json\/wp\/v2\/pages\/20552\/revisions\/22328"}],"up":[{"embeddable":true,"href":"https:\/\/www.courius.com\/en\/wp-json\/wp\/v2\/pages\/20554"}],"wp:attachment":[{"href":"https:\/\/www.courius.com\/en\/wp-json\/wp\/v2\/media?parent=20552"}],"wp:term":[{"taxonomy":"category","embeddable":true,"href":"https:\/\/www.courius.com\/en\/wp-json\/wp\/v2\/categories?post=20552"},{"taxonomy":"post_tag","embeddable":true,"href":"https:\/\/www.courius.com\/en\/wp-json\/wp\/v2\/tags?post=20552"}],"curies":[{"name":"wp","href":"https:\/\/api.w.org\/{rel}","templated":true}]}}